{"id":24,"date":"2023-06-02T22:17:25","date_gmt":"2023-06-02T22:17:25","guid":{"rendered":"https:\/\/www.oficina.grupocalesti.com\/?post_type=product&#038;p=24"},"modified":"2023-06-02T22:17:49","modified_gmt":"2023-06-02T22:17:49","slug":"bateria-cookingtime","status":"publish","type":"product","link":"https:\/\/www.oficina.grupocalesti.com\/index.php\/producto\/bateria-cookingtime\/","title":{"rendered":"Bater\u00eda COOKINGTIME"},"content":{"rendered":"<p>El juego de bater\u00eda Cookingtime est\u00e1 fabricada en acero inoxidable 18\/10, lo que la hace resistente y duradera. Este material es f\u00e1cil de mantener y no se oxida con el tiempo. Adem\u00e1s, el acero inoxidable tambi\u00e9n es resistente a la corrosi\u00f3n y a las manchas, lo que la hace ideal para una larga durabilidad en la cocina.<\/p>\n","protected":false},"excerpt":{"rendered":"<p>18 piezas<\/p>\n","protected":false},"featured_media":43,"comment_status":"open","ping_status":"closed","template":"","meta":{"site-sidebar-layout":"default","site-content-layout":"","ast-site-content-layout":"default","site-content-style":"default","site-sidebar-style":"default","ast-global-header-display":"","ast-banner-title-visibility":"","ast-main-header-display":"","ast-hfb-above-header-display":"","ast-hfb-below-header-display":"","ast-hfb-mobile-header-display":"","site-post-title":"","ast-breadcrumbs-content":"","ast-featured-img":"","footer-sml-layout":"","ast-disable-related-posts":"","theme-transparent-header-meta":"","adv-header-id-meta":"","stick-header-meta":"","header-above-stick-meta":"","header-main-stick-meta":"","header-below-stick-meta":"","astra-migrate-meta-layouts":"default","ast-page-background-enabled":"default","ast-page-background-meta":{"desktop":{"background-color":"var(--ast-global-color-4)","background-image":"","background-repeat":"repeat","background-position":"center center","background-size":"auto","background-attachment":"scroll","background-type":"","background-media":"","overlay-type":"","overlay-color":"","overlay-opacity":"","overlay-gradient":""},"tablet":{"background-color":"","background-image":"","background-repeat":"repeat","background-position":"center center","background-size":"auto","background-attachment":"scroll","background-type":"","background-media":"","overlay-type":"","overlay-color":"","overlay-opacity":"","overlay-gradient":""},"mobile":{"background-color":"","background-image":"","background-repeat":"repeat","background-position":"center center","background-size":"auto","background-attachment":"scroll","background-type":"","background-media":"","overlay-type":"","overlay-color":"","overlay-opacity":"","overlay-gradient":""}},"ast-content-background-meta":{"desktop":{"background-color":"var(--ast-global-color-5)","background-image":"","background-repeat":"repeat","background-position":"center center","background-size":"auto","background-attachment":"scroll","background-type":"","background-media":"","overlay-type":"","overlay-color":"","overlay-opacity":"","overlay-gradient":""},"tablet":{"background-color":"var(--ast-global-color-5)","background-image":"","background-repeat":"repeat","background-position":"center center","background-size":"auto","background-attachment":"scroll","background-type":"","background-media":"","overlay-type":"","overlay-color":"","overlay-opacity":"","overlay-gradient":""},"mobile":{"background-color":"var(--ast-global-color-5)","background-image":"","background-repeat":"repeat","background-position":"center center","background-size":"auto","background-attachment":"scroll","background-type":"","background-media":"","overlay-type":"","overlay-color":"","overlay-opacity":"","overlay-gradient":""}}},"product_brand":[],"product_cat":[18],"product_tag":[],"class_list":{"0":"post-24","1":"product","2":"type-product","3":"status-publish","4":"has-post-thumbnail","6":"product_cat-baterias","7":"desktop-align-left","8":"tablet-align-left","9":"mobile-align-left","11":"first","12":"instock","13":"shipping-taxable","14":"purchasable","15":"product-type-simple"},"_links":{"self":[{"href":"https:\/\/www.oficina.grupocalesti.com\/index.php\/wp-json\/wp\/v2\/product\/24","targetHints":{"allow":["GET"]}}],"collection":[{"href":"https:\/\/www.oficina.grupocalesti.com\/index.php\/wp-json\/wp\/v2\/product"}],"about":[{"href":"https:\/\/www.oficina.grupocalesti.com\/index.php\/wp-json\/wp\/v2\/types\/product"}],"replies":[{"embeddable":true,"href":"https:\/\/www.oficina.grupocalesti.com\/index.php\/wp-json\/wp\/v2\/comments?post=24"}],"wp:featuredmedia":[{"embeddable":true,"href":"https:\/\/www.oficina.grupocalesti.com\/index.php\/wp-json\/wp\/v2\/media\/43"}],"wp:attachment":[{"href":"https:\/\/www.oficina.grupocalesti.com\/index.php\/wp-json\/wp\/v2\/media?parent=24"}],"wp:term":[{"taxonomy":"product_brand","embeddable":true,"href":"https:\/\/www.oficina.grupocalesti.com\/index.php\/wp-json\/wp\/v2\/product_brand?post=24"},{"taxonomy":"product_cat","embeddable":true,"href":"https:\/\/www.oficina.grupocalesti.com\/index.php\/wp-json\/wp\/v2\/product_cat?post=24"},{"taxonomy":"product_tag","embeddable":true,"href":"https:\/\/www.oficina.grupocalesti.com\/index.php\/wp-json\/wp\/v2\/product_tag?post=24"}],"curies":[{"name":"wp","href":"https:\/\/api.w.org\/{rel}","templated":true}]}}