{"id":23,"date":"2023-06-02T22:17:25","date_gmt":"2023-06-02T22:17:25","guid":{"rendered":"https:\/\/www.oficina.grupocalesti.com\/?post_type=product&#038;p=23"},"modified":"2023-06-02T22:17:46","modified_gmt":"2023-06-02T22:17:46","slug":"bateria-columba","status":"publish","type":"product","link":"https:\/\/www.oficina.grupocalesti.com\/index.php\/producto\/bateria-columba\/","title":{"rendered":"Bater\u00eda COLUMBA"},"content":{"rendered":"<p>El juego de bater\u00eda Columba est\u00e1 fabricada en acero inoxidable 18\/10, lo que la hace resistente y duradera. Este material es f\u00e1cil de mantener y no se oxida con el tiempo. Adem\u00e1s, el acero inoxidable tambi\u00e9n es resistente a la corrosi\u00f3n y a las manchas, lo que la hace ideal para una larga durabilidad en la cocina.<\/p>\n","protected":false},"excerpt":{"rendered":"<p>1 sarten con tapa\u00a0 22 x 6.5 cm , 1.5 litro con tapa<\/p>\n<p>1 sarten con tapa\u00a0 24 x 7.5 cm, 1.5 litro con tapa<\/p>\n<p>1 pocillo 14 x\u00a0 12.5 cm, 1.9 litros con tapa<\/p>\n<p>1 cazo 16 x 10.5 cm, 2.1 litros con tapa<\/p>\n<p>1 vaporizador 24 x 18<\/p>\n<p>1 budinera 24x 14.5 cm, 6.6 litros con tapa<\/p>\n<p>1 olla 24 x 18.5 cm, 8.4 litros con tapa<\/p>\n","protected":false},"featured_media":42,"comment_status":"open","ping_status":"closed","template":"","meta":{"site-sidebar-layout":"default","site-content-layout":"","ast-site-content-layout":"default","site-content-style":"default","site-sidebar-style":"default","ast-global-header-display":"","ast-banner-title-visibility":"","ast-main-header-display":"","ast-hfb-above-header-display":"","ast-hfb-below-header-display":"","ast-hfb-mobile-header-display":"","site-post-title":"","ast-breadcrumbs-content":"","ast-featured-img":"","footer-sml-layout":"","ast-disable-related-posts":"","theme-transparent-header-meta":"","adv-header-id-meta":"","stick-header-meta":"","header-above-stick-meta":"","header-main-stick-meta":"","header-below-stick-meta":"","astra-migrate-meta-layouts":"default","ast-page-background-enabled":"default","ast-page-background-meta":{"desktop":{"background-color":"var(--ast-global-color-4)","background-image":"","background-repeat":"repeat","background-position":"center center","background-size":"auto","background-attachment":"scroll","background-type":"","background-media":"","overlay-type":"","overlay-color":"","overlay-opacity":"","overlay-gradient":""},"tablet":{"background-color":"","background-image":"","background-repeat":"repeat","background-position":"center center","background-size":"auto","background-attachment":"scroll","background-type":"","background-media":"","overlay-type":"","overlay-color":"","overlay-opacity":"","overlay-gradient":""},"mobile":{"background-color":"","background-image":"","background-repeat":"repeat","background-position":"center center","background-size":"auto","background-attachment":"scroll","background-type":"","background-media":"","overlay-type":"","overlay-color":"","overlay-opacity":"","overlay-gradient":""}},"ast-content-background-meta":{"desktop":{"background-color":"var(--ast-global-color-5)","background-image":"","background-repeat":"repeat","background-position":"center center","background-size":"auto","background-attachment":"scroll","background-type":"","background-media":"","overlay-type":"","overlay-color":"","overlay-opacity":"","overlay-gradient":""},"tablet":{"background-color":"var(--ast-global-color-5)","background-image":"","background-repeat":"repeat","background-position":"center center","background-size":"auto","background-attachment":"scroll","background-type":"","background-media":"","overlay-type":"","overlay-color":"","overlay-opacity":"","overlay-gradient":""},"mobile":{"background-color":"var(--ast-global-color-5)","background-image":"","background-repeat":"repeat","background-position":"center center","background-size":"auto","background-attachment":"scroll","background-type":"","background-media":"","overlay-type":"","overlay-color":"","overlay-opacity":"","overlay-gradient":""}}},"product_brand":[],"product_cat":[18],"product_tag":[],"class_list":{"0":"post-23","1":"product","2":"type-product","3":"status-publish","4":"has-post-thumbnail","6":"product_cat-baterias","7":"desktop-align-left","8":"tablet-align-left","9":"mobile-align-left","11":"first","12":"instock","13":"shipping-taxable","14":"purchasable","15":"product-type-simple"},"_links":{"self":[{"href":"https:\/\/www.oficina.grupocalesti.com\/index.php\/wp-json\/wp\/v2\/product\/23","targetHints":{"allow":["GET"]}}],"collection":[{"href":"https:\/\/www.oficina.grupocalesti.com\/index.php\/wp-json\/wp\/v2\/product"}],"about":[{"href":"https:\/\/www.oficina.grupocalesti.com\/index.php\/wp-json\/wp\/v2\/types\/product"}],"replies":[{"embeddable":true,"href":"https:\/\/www.oficina.grupocalesti.com\/index.php\/wp-json\/wp\/v2\/comments?post=23"}],"wp:featuredmedia":[{"embeddable":true,"href":"https:\/\/www.oficina.grupocalesti.com\/index.php\/wp-json\/wp\/v2\/media\/42"}],"wp:attachment":[{"href":"https:\/\/www.oficina.grupocalesti.com\/index.php\/wp-json\/wp\/v2\/media?parent=23"}],"wp:term":[{"taxonomy":"product_brand","embeddable":true,"href":"https:\/\/www.oficina.grupocalesti.com\/index.php\/wp-json\/wp\/v2\/product_brand?post=23"},{"taxonomy":"product_cat","embeddable":true,"href":"https:\/\/www.oficina.grupocalesti.com\/index.php\/wp-json\/wp\/v2\/product_cat?post=23"},{"taxonomy":"product_tag","embeddable":true,"href":"https:\/\/www.oficina.grupocalesti.com\/index.php\/wp-json\/wp\/v2\/product_tag?post=23"}],"curies":[{"name":"wp","href":"https:\/\/api.w.org\/{rel}","templated":true}]}}